{"id":17078,"date":"2024-02-10T21:09:48","date_gmt":"2024-02-10T20:09:48","guid":{"rendered":"https:\/\/hotelbiskajer.com\/nos-avantages\/"},"modified":"2026-04-03T15:51:35","modified_gmt":"2026-04-03T13:51:35","slug":"nos-avantages","status":"publish","type":"page","link":"https:\/\/hotelbiskajer.com\/fr\/nos-avantages\/","title":{"rendered":"Nos avantages"},"content":{"rendered":"\t\t<div data-elementor-type=\"wp-page\" data-elementor-id=\"17078\" class=\"elementor elementor-17078 elementor-11273\">\n\t\t\t\t<div class=\"elementor-element elementor-element-4ec64e32 e-flex e-con-boxed e-con e-parent\" data-id=\"4ec64e32\" data-element_type=\"container\" data-e-type=\"container\">\n\t\t\t\t\t<div class=\"e-con-inner\">\n\t\t<div class=\"elementor-element elementor-element-1abe6f50 e-con-full e-flex e-con e-child\" data-id=\"1abe6f50\" data-element_type=\"container\" data-e-type=\"container\">\n\t\t\t\t<div class=\"elementor-element elementor-element-7f191839 elementor-widget elementor-widget-augustine_core_section_title\" data-id=\"7f191839\" data-element_type=\"widget\" data-e-type=\"widget\" data-widget_type=\"augustine_core_section_title.default\">\n\t\t\t\t<div class=\"elementor-widget-container\">\n\t\t\t\t\t<div class=\"qodef-shortcode qodef-m  qodef-section-title qodef-alignment--center    qodef-separator-appear \">\n\t\t<span class=\"qodef-m-separator\" ><\/span>\n\t\t<p class=\"qodef-m-subtitle\" >Disponible pour tous les invit\u00e9s de CW Hotel Collection<\/p>\n\t\t<h3 class=\"qodef-m-title\" >\n\t\t\t\t\tAfternoon Tea @ H\u00f4tel Orangerie\t\t\t<\/h3>\n\t\t<\/div>\t\t\t\t<\/div>\n\t\t\t\t<\/div>\n\t\t\t\t<div class=\"elementor-element elementor-element-4c313cfe elementor-widget elementor-widget-text-editor\" data-id=\"4c313cfe\" data-element_type=\"widget\" data-e-type=\"widget\" data-widget_type=\"text-editor.default\">\n\t\t\t\t<div class=\"elementor-widget-container\">\n\t\t\t\t\t\t\t\t\t<p>Plongez dans l\u2019\u00e9l\u00e9gance de la haute soci\u00e9t\u00e9 britannique avec notre Afternoon Tea g\u00e9n\u00e9reux et chaleureux. Les jours ensoleill\u00e9s, vous pourrez savourer toutes nos gourmandises sur notre terrasse offrant une vue sur les pittoresques canaux de Bruges. Quand le temps se fait plus frais ou gris, notre chemin\u00e9e accueillante cr\u00e9e l\u2019atmosph\u00e8re id\u00e9ale pour un moment chaleureux et d\u00e9tendu. Nous vous l\u2019assurons.    Nous avons le plaisir de vous proposer 3 options diff\u00e9rentes :<\/p>\t\t\t\t\t\t\t\t<\/div>\n\t\t\t\t<\/div>\n\t\t\t\t<\/div>\n\t\t\t\t\t<\/div>\n\t\t\t\t<\/div>\n\t\t<div class=\"elementor-element elementor-element-527e65ec e-flex e-con-boxed e-con e-parent\" data-id=\"527e65ec\" data-element_type=\"container\" data-e-type=\"container\">\n\t\t\t\t\t<div class=\"e-con-inner\">\n\t\t<div class=\"elementor-element elementor-element-36ca8440 e-con-full e-flex e-con e-child\" data-id=\"36ca8440\" data-element_type=\"container\" data-e-type=\"container\">\n\t\t<div class=\"elementor-element elementor-element-321a2d56 e-con-full e-flex e-con e-child\" data-id=\"321a2d56\" data-element_type=\"container\" data-e-type=\"container\">\n\t\t<div class=\"elementor-element elementor-element-34158579 e-flex e-con-boxed e-con e-child\" data-id=\"34158579\" data-element_type=\"container\" data-e-type=\"container\">\n\t\t\t\t\t<div class=\"e-con-inner\">\n\t\t\t\t<div class=\"elementor-element elementor-element-43000505 elementor-widget elementor-widget-augustine_core_image_gallery\" data-id=\"43000505\" data-element_type=\"widget\" data-e-type=\"widget\" data-widget_type=\"augustine_core_image_gallery.default\">\n\t\t\t\t<div class=\"elementor-widget-container\">\n\t\t\t\t\t<div class=\"qodef-shortcode qodef-m  qodef-image-gallery qodef-magnific-popup qodef-popup-gallery     qodef-grid qodef-swiper-container  qodef-gutter--normal qodef-col-num--1  qodef-responsive--predefined\" data-options=\"{&quot;slidesPerView&quot;:&quot;1&quot;,&quot;spaceBetween&quot;:30,&quot;loop&quot;:true,&quot;autoplay&quot;:true,&quot;speed&quot;:&quot;&quot;,&quot;speedAnimation&quot;:&quot;&quot;,&quot;centeredSlides&quot;:true,&quot;effect&quot;:&quot;fade&quot;}\" style=\"transition-delay: ms\">\n\t<div class=\"swiper-wrapper\">\n\t\t<div class=\"qodef-e qodef-image-wrapper qodef-grid-item swiper-slide\">\n\t\t\t<a class=\"qodef-popup-item\" itemprop=\"image\" href=\"https:\/\/hotelbiskajer.com\/wp-content\/uploads\/2024\/10\/detail-teastand-7.jpg\" data-type=\"image\" title=\"\">\n\t\t\t<img fetchpriority=\"high\" decoding=\"async\" width=\"1152\" height=\"768\" src=\"https:\/\/hotelbiskajer.com\/wp-content\/uploads\/2024\/10\/detail-teastand-7.jpg\" class=\"attachment-full size-full\" alt=\"\" srcset=\"https:\/\/hotelbiskajer.com\/wp-content\/uploads\/2024\/10\/detail-teastand-7.jpg 1152w, https:\/\/hotelbiskajer.com\/wp-content\/uploads\/2024\/10\/detail-teastand-7-600x400.jpg 600w, https:\/\/hotelbiskajer.com\/wp-content\/uploads\/2024\/10\/detail-teastand-7-1024x683.jpg 1024w, https:\/\/hotelbiskajer.com\/wp-content\/uploads\/2024\/10\/detail-teastand-7-768x512.jpg 768w\" sizes=\"(max-width: 1152px) 100vw, 1152px\" \/>\t\t\t<\/a>\n\t\t<\/div><div class=\"qodef-e qodef-image-wrapper qodef-grid-item swiper-slide\">\n\t\t\t<a class=\"qodef-popup-item\" itemprop=\"image\" href=\"https:\/\/hotelbiskajer.com\/wp-content\/uploads\/2024\/10\/detail-teastand-6.jpg\" data-type=\"image\" title=\"\">\n\t\t\t<img decoding=\"async\" width=\"1134\" height=\"768\" src=\"https:\/\/hotelbiskajer.com\/wp-content\/uploads\/2024\/10\/detail-teastand-6.jpg\" class=\"attachment-full size-full\" alt=\"\" srcset=\"https:\/\/hotelbiskajer.com\/wp-content\/uploads\/2024\/10\/detail-teastand-6.jpg 1134w, https:\/\/hotelbiskajer.com\/wp-content\/uploads\/2024\/10\/detail-teastand-6-600x406.jpg 600w, https:\/\/hotelbiskajer.com\/wp-content\/uploads\/2024\/10\/detail-teastand-6-1024x694.jpg 1024w, https:\/\/hotelbiskajer.com\/wp-content\/uploads\/2024\/10\/detail-teastand-6-768x520.jpg 768w\" sizes=\"(max-width: 1134px) 100vw, 1134px\" \/>\t\t\t<\/a>\n\t\t<\/div><div class=\"qodef-e qodef-image-wrapper qodef-grid-item swiper-slide\">\n\t\t\t<a class=\"qodef-popup-item\" itemprop=\"image\" href=\"https:\/\/hotelbiskajer.com\/wp-content\/uploads\/2024\/10\/detail-teastand-5.jpg\" data-type=\"image\" title=\"\">\n\t\t\t<img decoding=\"async\" width=\"1287\" height=\"768\" src=\"https:\/\/hotelbiskajer.com\/wp-content\/uploads\/2024\/10\/detail-teastand-5.jpg\" class=\"attachment-full size-full\" alt=\"\" srcset=\"https:\/\/hotelbiskajer.com\/wp-content\/uploads\/2024\/10\/detail-teastand-5.jpg 1287w, https:\/\/hotelbiskajer.com\/wp-content\/uploads\/2024\/10\/detail-teastand-5-600x358.jpg 600w, https:\/\/hotelbiskajer.com\/wp-content\/uploads\/2024\/10\/detail-teastand-5-1024x611.jpg 1024w, https:\/\/hotelbiskajer.com\/wp-content\/uploads\/2024\/10\/detail-teastand-5-768x458.jpg 768w\" sizes=\"(max-width: 1287px) 100vw, 1287px\" \/>\t\t\t<\/a>\n\t\t<\/div><div class=\"qodef-e qodef-image-wrapper qodef-grid-item swiper-slide\">\n\t\t\t<a class=\"qodef-popup-item\" itemprop=\"image\" href=\"https:\/\/hotelbiskajer.com\/wp-content\/uploads\/2024\/10\/detail-teastand-3.jpg\" data-type=\"image\" title=\"\">\n\t\t\t<img loading=\"lazy\" decoding=\"async\" width=\"1152\" height=\"768\" src=\"https:\/\/hotelbiskajer.com\/wp-content\/uploads\/2024\/10\/detail-teastand-3.jpg\" class=\"attachment-full size-full\" alt=\"\" srcset=\"https:\/\/hotelbiskajer.com\/wp-content\/uploads\/2024\/10\/detail-teastand-3.jpg 1152w, https:\/\/hotelbiskajer.com\/wp-content\/uploads\/2024\/10\/detail-teastand-3-600x400.jpg 600w, https:\/\/hotelbiskajer.com\/wp-content\/uploads\/2024\/10\/detail-teastand-3-1024x683.jpg 1024w, https:\/\/hotelbiskajer.com\/wp-content\/uploads\/2024\/10\/detail-teastand-3-768x512.jpg 768w\" sizes=\"(max-width: 1152px) 100vw, 1152px\" \/>\t\t\t<\/a>\n\t\t<\/div><div class=\"qodef-e qodef-image-wrapper qodef-grid-item swiper-slide\">\n\t\t\t<a class=\"qodef-popup-item\" itemprop=\"image\" href=\"https:\/\/hotelbiskajer.com\/wp-content\/uploads\/2024\/10\/detail-teastand-4.jpg\" data-type=\"image\" title=\"\">\n\t\t\t<img loading=\"lazy\" decoding=\"async\" width=\"1267\" height=\"768\" src=\"https:\/\/hotelbiskajer.com\/wp-content\/uploads\/2024\/10\/detail-teastand-4.jpg\" class=\"attachment-full size-full\" alt=\"\" srcset=\"https:\/\/hotelbiskajer.com\/wp-content\/uploads\/2024\/10\/detail-teastand-4.jpg 1267w, https:\/\/hotelbiskajer.com\/wp-content\/uploads\/2024\/10\/detail-teastand-4-600x364.jpg 600w, https:\/\/hotelbiskajer.com\/wp-content\/uploads\/2024\/10\/detail-teastand-4-1024x621.jpg 1024w, https:\/\/hotelbiskajer.com\/wp-content\/uploads\/2024\/10\/detail-teastand-4-768x466.jpg 768w\" sizes=\"(max-width: 1267px) 100vw, 1267px\" \/>\t\t\t<\/a>\n\t\t<\/div>\t<\/div>\n\t\t<div class=\"swiper-button-prev \"><svg  xmlns=\"http:\/\/www.w3.org\/2000\/svg\" xmlns:xlink=\"http:\/\/www.w3.org\/1999\/xlink\" x=\"0px\" y=\"0px\" viewBox=\"0 0 64 64\" stroke-width=\"2\" xml:space=\"preserve\"><polyline points=\"37,15 20,32 37,49\"\/><\/svg><\/div>\n\t<div class=\"swiper-button-next \"><svg  xmlns=\"http:\/\/www.w3.org\/2000\/svg\" xmlns:xlink=\"http:\/\/www.w3.org\/1999\/xlink\" x=\"0px\" y=\"0px\" viewBox=\"0 0 64 64\" stroke-width=\"2\" xml:space=\"preserve\"><polyline points=\"27,15 44,32 27,49\"\/><\/svg><\/div>\n\t<\/div>\t\t\t\t<\/div>\n\t\t\t\t<\/div>\n\t\t\t\t\t<\/div>\n\t\t\t\t<\/div>\n\t\t\t\t<\/div>\n\t\t<div class=\"elementor-element elementor-element-7d025d61 e-con-full e-flex e-con e-child\" data-id=\"7d025d61\" data-element_type=\"container\" data-e-type=\"container\">\n\t\t<div class=\"elementor-element elementor-element-1bd7f626 e-con-full e-flex e-con e-child\" data-id=\"1bd7f626\" data-element_type=\"container\" data-e-type=\"container\">\n\t\t\t\t<div class=\"elementor-element elementor-element-4281ac52 elementor-widget elementor-widget-qi_addons_for_elementor_pricing_list\" data-id=\"4281ac52\" data-element_type=\"widget\" data-e-type=\"widget\" data-widget_type=\"qi_addons_for_elementor_pricing_list.default\">\n\t\t\t\t<div class=\"elementor-widget-container\">\n\t\t\t\t\t<div class=\"qodef-shortcode qodef-m qodef-qi-pricing-list qodef-pricing-line--solid qodef-layout--standard\">\n\t<div class=\"qodef-m-inner\">\n\t\t<div class=\"qodef-m-item qodef-e elementor-repeater-item-7517b98\">\n\t\t\t<div class=\"qodef-e-heading\">\n\t\t\t<h5 class=\"qodef-e-heading-title\">Cream tea (prix\/personne) :<\/h5>\n\t\t\t\t\t\t<div class=\"qodef-e-heading-line\" ><\/div>\n\t\t\t\t\t\t\t<p class=\"qodef-e-heading-price\">25\u20ac<\/p>\n\t\t\t\t\t\t\t\t<\/div>\n\t\t\t\t<p class=\"qodef-e-description\">Deux scones fra\u00eechement pr\u00e9par\u00e9s avec de la cr\u00e8me fra\u00eeche et diverses confitures artisanales, accompagn\u00e9s de caf\u00e9 ou de l'un de nos th\u00e9s raffin\u00e9s.<\/p>\n\t<\/div>\n<div class=\"qodef-m-item qodef-e elementor-repeater-item-306ad85\">\n\t\t\t<div class=\"qodef-e-heading\">\n\t\t\t<h5 class=\"qodef-e-heading-title\">Classic Afternoon Tea (prix\/personne) :<\/h5>\n\t\t\t\t\t\t<div class=\"qodef-e-heading-line\" ><\/div>\n\t\t\t\t\t\t\t<p class=\"qodef-e-heading-price\">40\u20ac<\/p>\n\t\t\t\t\t\t\t\t<\/div>\n\t\t\t\t<p class=\"qodef-e-description\">Deux scones fra\u00eechement pr\u00e9par\u00e9s avec de la cr\u00e8me fra\u00eeche et des confitures artisanales, une s\u00e9lection de mini-p\u00e2tisseries, des sandwichs sal\u00e9s et du caf\u00e9 ou l'un de nos th\u00e9s raffin\u00e9s.<\/p>\n\t<\/div>\n<div class=\"qodef-m-item qodef-e elementor-repeater-item-72ca2a6\">\n\t\t\t<div class=\"qodef-e-heading\">\n\t\t\t<h5 class=\"qodef-e-heading-title\">Champagne Afternoon Tea (prix\/personne) :<\/h5>\n\t\t\t\t\t\t<div class=\"qodef-e-heading-line\" ><\/div>\n\t\t\t\t\t\t\t<p class=\"qodef-e-heading-price\">50\u20ac<\/p>\n\t\t\t\t\t\t\t\t<\/div>\n\t\t\t\t<p class=\"qodef-e-description\">Deux scones fra\u00eechement pr\u00e9par\u00e9s avec de la cr\u00e8me fra\u00eeche et diverses confitures artisanales, accompagn\u00e9s d'une s\u00e9lection de mini-p\u00e2tisseries, de petits sandwichs, de caf\u00e9 ou de l'un de nos th\u00e9s raffin\u00e9s. Et bien s\u00fbr... un verre de bulles.<\/p>\n\t<\/div>\n\t<\/div>\n\t\t<\/div>\n\t\t\t\t<\/div>\n\t\t\t\t<\/div>\n\t\t\t\t<\/div>\n\t\t\t\t<\/div>\n\t\t<div class=\"elementor-element elementor-element-466a1e40 e-con-full e-flex e-con e-child\" data-id=\"466a1e40\" data-element_type=\"container\" data-e-type=\"container\">\n\t\t\t\t<div class=\"elementor-element elementor-element-3d373a1 elementor-widget elementor-widget-qi_addons_for_elementor_faq\" data-id=\"3d373a1\" data-element_type=\"widget\" data-e-type=\"widget\" data-widget_type=\"qi_addons_for_elementor_faq.default\">\n\t\t\t\t<div class=\"elementor-widget-container\">\n\t\t\t\t\t<div class=\"qodef-shortcode qodef-m qodef-qi-faq qodef-qi-clear qodef-behavior--none qodef-layout--simple qodef-style--border-between\">\n\t<h6 class=\"qodef-e-title-holder\">\n\t<span class=\"qodef-e-title\">\n\t\t\t<span class=\"qodef-e-number\">\n\t\t1.\t<\/span>\n\t\t\tQue se passe-t-il si je ne s\u00e9journe pas \u00e0 l&#039;h\u00f4tel Orangerie ?\t<\/span>\n\t<\/h6>\n<div class=\"qodef-e-content\">\n\t<div class=\"qodef-e-content-inner\">\n\t\t<p>Pas de probl\u00e8me ! Tout le monde est le bienvenu pour venir d\u00e9couvrir notre h\u00f4tel et le Afternoon Tea!<br>Un suppl\u00e9ment de 10\u20ac est appliqu\u00e9 pour les non-r\u00e9sidents.<\/p>\t<\/div>\n<\/div>\n<h6 class=\"qodef-e-title-holder\">\n\t<span class=\"qodef-e-title\">\n\t\t\t<span class=\"qodef-e-number\">\n\t\t2.\t<\/span>\n\t\t\tQuelle est l&#039;heure de l&#039;Afternoon Tea ?\t<\/span>\n\t<\/h6>\n<div class=\"qodef-e-content\">\n\t<div class=\"qodef-e-content-inner\">\n\t\t<p>Afternoon Tea : entre 14h30-16h30 (tous les jours)<\/p>\t<\/div>\n<\/div>\n<h6 class=\"qodef-e-title-holder\">\n\t<span class=\"qodef-e-title\">\n\t\t\t<span class=\"qodef-e-number\">\n\t\t3.\t<\/span>\n\t\t\tQuelle est l&#039;adresse ?\t<\/span>\n\t<\/h6>\n<div class=\"qodef-e-content\">\n\t<div class=\"qodef-e-content-inner\">\n\t\t<p>Venez nous rejoindre \u00e0 : Kartuizerinnenstraat 10, Bruges. (Juste derri\u00e8re la Tour Belfort)<\/p>\t<\/div>\n<\/div>\n<h6 class=\"qodef-e-title-holder\">\n\t<span class=\"qodef-e-title\">\n\t\t\t<span class=\"qodef-e-number\">\n\t\t4.\t<\/span>\n\t\t\tLa r\u00e9servation est-elle toujours n\u00e9cessaire ?\t<\/span>\n\t<\/h6>\n<div class=\"qodef-e-content\">\n\t<div class=\"qodef-e-content-inner\">\n\t\t<p>Oui, une r\u00e9servation est toujours n\u00e9cessaire.<\/p>\t<\/div>\n<\/div>\n<h6 class=\"qodef-e-title-holder\">\n\t<span class=\"qodef-e-title\">\n\t\t\t<span class=\"qodef-e-number\">\n\t\t5.\t<\/span>\n\t\t\tComment puis-je faire une r\u00e9servation ?\t<\/span>\n\t<\/h6>\n<div class=\"qodef-e-content\">\n\t<div class=\"qodef-e-content-inner\">\n\t\t<p>Faites une r\u00e9servation sur notre site web, envoyez-nous un courriel \u00e0 info@hotelorangerie.be ou appelez-nous au 032(0)50 341 649.<\/p>\t<\/div>\n<\/div>\n<\/div>\n\t<script type=\"application\/ld+json\">{\"@context\":\"https:\\\/\\\/schema.org\",\"@type\":\"FAQPage\",\"mainEntity\":[{\"@type\":\"Question\",\"name\":\"Que se passe-t-il si je ne s\\u00e9journe pas \\u00e0 l&#039;h\\u00f4tel Orangerie ?\",\"acceptedAnswer\":{\"@type\":\"Answer\",\"text\":\"<p>Pas de probl\\u00e8me ! Tout le monde est le bienvenu pour venir d\\u00e9couvrir notre h\\u00f4tel et le Afternoon Tea!<br>Un suppl\\u00e9ment de 10\\u20ac est appliqu\\u00e9 pour les non-r\\u00e9sidents.<\\\/p>\"}},{\"@type\":\"Question\",\"name\":\"Quelle est l&#039;heure de l&#039;Afternoon Tea ?\",\"acceptedAnswer\":{\"@type\":\"Answer\",\"text\":\"<p>Afternoon Tea : entre 14h30-16h30 (tous les jours)<\\\/p>\"}},{\"@type\":\"Question\",\"name\":\"Quelle est l&#039;adresse ?\",\"acceptedAnswer\":{\"@type\":\"Answer\",\"text\":\"<p>Venez nous rejoindre \\u00e0 : Kartuizerinnenstraat 10, Bruges. (Juste derri\\u00e8re la Tour Belfort)<\\\/p>\"}},{\"@type\":\"Question\",\"name\":\"La r\\u00e9servation est-elle toujours n\\u00e9cessaire ?\",\"acceptedAnswer\":{\"@type\":\"Answer\",\"text\":\"<p>Oui, une r\\u00e9servation est toujours n\\u00e9cessaire.<\\\/p>\"}},{\"@type\":\"Question\",\"name\":\"Comment puis-je faire une r\\u00e9servation ?\",\"acceptedAnswer\":{\"@type\":\"Answer\",\"text\":\"<p>Faites une r\\u00e9servation sur notre site web, envoyez-nous un courriel \\u00e0 info@hotelorangerie.be ou appelez-nous au 032(0)50 341 649.<\\\/p>\"}}]}<\/script>\n\t\t\t\t<\/div>\n\t\t\t\t<\/div>\n\t\t\t\t<\/div>\n\t\t\t\t<\/div>\n\t\t\t\t\t<\/div>\n\t\t\t\t<\/div>\n\t\t\t\t<\/div>\n\t\t","protected":false},"excerpt":{"rendered":"<p>Disponible pour tous les invit\u00e9s de CW Hotel Collection Afternoon Tea @ H\u00f4tel Orangerie Plongez dans l\u2019\u00e9l\u00e9gance de la haute soci\u00e9t\u00e9 britannique avec notre Afternoon Tea g\u00e9n\u00e9reux et chaleureux. Les jours ensoleill\u00e9s, vous pourrez savourer toutes nos gourmandises sur notre terrasse offrant une vue sur les pittoresques canaux de Bruges. Quand le temps se fait [&hellip;]<\/p>\n","protected":false},"author":2,"featured_media":0,"parent":0,"menu_order":0,"comment_status":"closed","ping_status":"closed","template":"page-full-width.php","meta":{"footnotes":""},"class_list":["post-17078","page","type-page","status-publish","hentry"],"yoast_head":"<!-- This site is optimized with the Yoast SEO plugin v27.3 - https:\/\/yoast.com\/product\/yoast-seo-wordpress\/ -->\n<title>Commodit\u00e9s \u00e0 l&#039;h\u00f4tel Biskajer | H\u00f4tel 4 \u00e9toiles \u00e0 Bruges<\/title>\n<meta name=\"description\" content=\"Profitez d&#039;une atmosph\u00e8re paisible, du WiFi gratuit et d&#039;autres conforts con\u00e7us pour votre d\u00e9tente. D\u00e9couvrez les \u00e9quipements de l&#039;h\u00f4tel 4 \u00e9toiles Biskajer,\" \/>\n<meta name=\"robots\" content=\"index, follow, max-snippet:-1, max-image-preview:large, max-video-preview:-1\" \/>\n<link rel=\"canonical\" href=\"https:\/\/hotelbiskajer.com\/fr\/nos-avantages\/\" \/>\n<meta property=\"og:locale\" content=\"fr_FR\" \/>\n<meta property=\"og:type\" content=\"article\" \/>\n<meta property=\"og:title\" content=\"Commodit\u00e9s \u00e0 l&#039;h\u00f4tel Biskajer | H\u00f4tel 4 \u00e9toiles \u00e0 Bruges\" \/>\n<meta property=\"og:description\" content=\"Profitez d&#039;une atmosph\u00e8re paisible, du WiFi gratuit et d&#039;autres conforts con\u00e7us pour votre d\u00e9tente. D\u00e9couvrez les \u00e9quipements de l&#039;h\u00f4tel 4 \u00e9toiles Biskajer,\" \/>\n<meta property=\"og:url\" content=\"https:\/\/hotelbiskajer.com\/fr\/nos-avantages\/\" \/>\n<meta property=\"og:site_name\" content=\"Hotel Biskajer\" \/>\n<meta property=\"article:modified_time\" content=\"2026-04-03T13:51:35+00:00\" \/>\n<meta property=\"og:image\" content=\"https:\/\/hotelbiskajer.com\/wp-content\/uploads\/2024\/10\/detail-teastand-7.jpg\" \/>\n<meta name=\"twitter:card\" content=\"summary_large_image\" \/>\n<meta name=\"twitter:label1\" content=\"Dur\u00e9e de lecture estim\u00e9e\" \/>\n\t<meta name=\"twitter:data1\" content=\"2 minutes\" \/>\n<script type=\"application\/ld+json\" class=\"yoast-schema-graph\">{\"@context\":\"https:\\\/\\\/schema.org\",\"@graph\":[{\"@type\":\"WebPage\",\"@id\":\"https:\\\/\\\/hotelbiskajer.com\\\/fr\\\/nos-avantages\\\/\",\"url\":\"https:\\\/\\\/hotelbiskajer.com\\\/fr\\\/nos-avantages\\\/\",\"name\":\"Commodit\u00e9s \u00e0 l'h\u00f4tel Biskajer | H\u00f4tel 4 \u00e9toiles \u00e0 Bruges\",\"isPartOf\":{\"@id\":\"https:\\\/\\\/hotelbiskajer.com\\\/de\\\/#website\"},\"primaryImageOfPage\":{\"@id\":\"https:\\\/\\\/hotelbiskajer.com\\\/fr\\\/nos-avantages\\\/#primaryimage\"},\"image\":{\"@id\":\"https:\\\/\\\/hotelbiskajer.com\\\/fr\\\/nos-avantages\\\/#primaryimage\"},\"thumbnailUrl\":\"https:\\\/\\\/hotelbiskajer.com\\\/wp-content\\\/uploads\\\/2024\\\/10\\\/detail-teastand-7.jpg\",\"datePublished\":\"2024-02-10T20:09:48+00:00\",\"dateModified\":\"2026-04-03T13:51:35+00:00\",\"description\":\"Profitez d'une atmosph\u00e8re paisible, du WiFi gratuit et d'autres conforts con\u00e7us pour votre d\u00e9tente. D\u00e9couvrez les \u00e9quipements de l'h\u00f4tel 4 \u00e9toiles Biskajer,\",\"breadcrumb\":{\"@id\":\"https:\\\/\\\/hotelbiskajer.com\\\/fr\\\/nos-avantages\\\/#breadcrumb\"},\"inLanguage\":\"fr-FR\",\"potentialAction\":[{\"@type\":\"ReadAction\",\"target\":[\"https:\\\/\\\/hotelbiskajer.com\\\/fr\\\/nos-avantages\\\/\"]}]},{\"@type\":\"ImageObject\",\"inLanguage\":\"fr-FR\",\"@id\":\"https:\\\/\\\/hotelbiskajer.com\\\/fr\\\/nos-avantages\\\/#primaryimage\",\"url\":\"https:\\\/\\\/hotelbiskajer.com\\\/wp-content\\\/uploads\\\/2024\\\/10\\\/detail-teastand-7.jpg\",\"contentUrl\":\"https:\\\/\\\/hotelbiskajer.com\\\/wp-content\\\/uploads\\\/2024\\\/10\\\/detail-teastand-7.jpg\"},{\"@type\":\"BreadcrumbList\",\"@id\":\"https:\\\/\\\/hotelbiskajer.com\\\/fr\\\/nos-avantages\\\/#breadcrumb\",\"itemListElement\":[{\"@type\":\"ListItem\",\"position\":1,\"name\":\"Home\",\"item\":\"https:\\\/\\\/hotelbiskajer.com\\\/fr\\\/\"},{\"@type\":\"ListItem\",\"position\":2,\"name\":\"Nos avantages\"}]},{\"@type\":\"WebSite\",\"@id\":\"https:\\\/\\\/hotelbiskajer.com\\\/de\\\/#website\",\"url\":\"https:\\\/\\\/hotelbiskajer.com\\\/de\\\/\",\"name\":\"Hotel Biskajer\",\"description\":\"CW Hotel Collection\",\"potentialAction\":[{\"@type\":\"SearchAction\",\"target\":{\"@type\":\"EntryPoint\",\"urlTemplate\":\"https:\\\/\\\/hotelbiskajer.com\\\/de\\\/?s={search_term_string}\"},\"query-input\":{\"@type\":\"PropertyValueSpecification\",\"valueRequired\":true,\"valueName\":\"search_term_string\"}}],\"inLanguage\":\"fr-FR\"}]}<\/script>\n<!-- \/ Yoast SEO plugin. -->","yoast_head_json":{"title":"Commodit\u00e9s \u00e0 l'h\u00f4tel Biskajer | H\u00f4tel 4 \u00e9toiles \u00e0 Bruges","description":"Profitez d'une atmosph\u00e8re paisible, du WiFi gratuit et d'autres conforts con\u00e7us pour votre d\u00e9tente. D\u00e9couvrez les \u00e9quipements de l'h\u00f4tel 4 \u00e9toiles Biskajer,","robots":{"index":"index","follow":"follow","max-snippet":"max-snippet:-1","max-image-preview":"max-image-preview:large","max-video-preview":"max-video-preview:-1"},"canonical":"https:\/\/hotelbiskajer.com\/fr\/nos-avantages\/","og_locale":"fr_FR","og_type":"article","og_title":"Commodit\u00e9s \u00e0 l'h\u00f4tel Biskajer | H\u00f4tel 4 \u00e9toiles \u00e0 Bruges","og_description":"Profitez d'une atmosph\u00e8re paisible, du WiFi gratuit et d'autres conforts con\u00e7us pour votre d\u00e9tente. D\u00e9couvrez les \u00e9quipements de l'h\u00f4tel 4 \u00e9toiles Biskajer,","og_url":"https:\/\/hotelbiskajer.com\/fr\/nos-avantages\/","og_site_name":"Hotel Biskajer","article_modified_time":"2026-04-03T13:51:35+00:00","og_image":[{"url":"https:\/\/hotelbiskajer.com\/wp-content\/uploads\/2024\/10\/detail-teastand-7.jpg","type":"","width":"","height":""}],"twitter_card":"summary_large_image","twitter_misc":{"Dur\u00e9e de lecture estim\u00e9e":"2 minutes"},"schema":{"@context":"https:\/\/schema.org","@graph":[{"@type":"WebPage","@id":"https:\/\/hotelbiskajer.com\/fr\/nos-avantages\/","url":"https:\/\/hotelbiskajer.com\/fr\/nos-avantages\/","name":"Commodit\u00e9s \u00e0 l'h\u00f4tel Biskajer | H\u00f4tel 4 \u00e9toiles \u00e0 Bruges","isPartOf":{"@id":"https:\/\/hotelbiskajer.com\/de\/#website"},"primaryImageOfPage":{"@id":"https:\/\/hotelbiskajer.com\/fr\/nos-avantages\/#primaryimage"},"image":{"@id":"https:\/\/hotelbiskajer.com\/fr\/nos-avantages\/#primaryimage"},"thumbnailUrl":"https:\/\/hotelbiskajer.com\/wp-content\/uploads\/2024\/10\/detail-teastand-7.jpg","datePublished":"2024-02-10T20:09:48+00:00","dateModified":"2026-04-03T13:51:35+00:00","description":"Profitez d'une atmosph\u00e8re paisible, du WiFi gratuit et d'autres conforts con\u00e7us pour votre d\u00e9tente. D\u00e9couvrez les \u00e9quipements de l'h\u00f4tel 4 \u00e9toiles Biskajer,","breadcrumb":{"@id":"https:\/\/hotelbiskajer.com\/fr\/nos-avantages\/#breadcrumb"},"inLanguage":"fr-FR","potentialAction":[{"@type":"ReadAction","target":["https:\/\/hotelbiskajer.com\/fr\/nos-avantages\/"]}]},{"@type":"ImageObject","inLanguage":"fr-FR","@id":"https:\/\/hotelbiskajer.com\/fr\/nos-avantages\/#primaryimage","url":"https:\/\/hotelbiskajer.com\/wp-content\/uploads\/2024\/10\/detail-teastand-7.jpg","contentUrl":"https:\/\/hotelbiskajer.com\/wp-content\/uploads\/2024\/10\/detail-teastand-7.jpg"},{"@type":"BreadcrumbList","@id":"https:\/\/hotelbiskajer.com\/fr\/nos-avantages\/#breadcrumb","itemListElement":[{"@type":"ListItem","position":1,"name":"Home","item":"https:\/\/hotelbiskajer.com\/fr\/"},{"@type":"ListItem","position":2,"name":"Nos avantages"}]},{"@type":"WebSite","@id":"https:\/\/hotelbiskajer.com\/de\/#website","url":"https:\/\/hotelbiskajer.com\/de\/","name":"Hotel Biskajer","description":"CW Hotel Collection","potentialAction":[{"@type":"SearchAction","target":{"@type":"EntryPoint","urlTemplate":"https:\/\/hotelbiskajer.com\/de\/?s={search_term_string}"},"query-input":{"@type":"PropertyValueSpecification","valueRequired":true,"valueName":"search_term_string"}}],"inLanguage":"fr-FR"}]}},"_links":{"self":[{"href":"https:\/\/hotelbiskajer.com\/fr\/wp-json\/wp\/v2\/pages\/17078","targetHints":{"allow":["GET"]}}],"collection":[{"href":"https:\/\/hotelbiskajer.com\/fr\/wp-json\/wp\/v2\/pages"}],"about":[{"href":"https:\/\/hotelbiskajer.com\/fr\/wp-json\/wp\/v2\/types\/page"}],"author":[{"embeddable":true,"href":"https:\/\/hotelbiskajer.com\/fr\/wp-json\/wp\/v2\/users\/2"}],"replies":[{"embeddable":true,"href":"https:\/\/hotelbiskajer.com\/fr\/wp-json\/wp\/v2\/comments?post=17078"}],"version-history":[{"count":12,"href":"https:\/\/hotelbiskajer.com\/fr\/wp-json\/wp\/v2\/pages\/17078\/revisions"}],"predecessor-version":[{"id":19949,"href":"https:\/\/hotelbiskajer.com\/fr\/wp-json\/wp\/v2\/pages\/17078\/revisions\/19949"}],"wp:attachment":[{"href":"https:\/\/hotelbiskajer.com\/fr\/wp-json\/wp\/v2\/media?parent=17078"}],"curies":[{"name":"wp","href":"https:\/\/api.w.org\/{rel}","templated":true}]}}