{"id":17351,"date":"2024-02-10T21:09:48","date_gmt":"2024-02-10T20:09:48","guid":{"rendered":"https:\/\/hotelbiskajer.com\/nuestras-ventajas\/"},"modified":"2026-04-03T15:52:27","modified_gmt":"2026-04-03T13:52:27","slug":"nuestras-ventajas","status":"publish","type":"page","link":"https:\/\/hotelbiskajer.com\/es\/nuestras-ventajas\/","title":{"rendered":"Nuestras ventajas"},"content":{"rendered":"\t\t<div data-elementor-type=\"wp-page\" data-elementor-id=\"17351\" class=\"elementor elementor-17351 elementor-11273\">\n\t\t\t\t<div class=\"elementor-element elementor-element-4ec64e32 e-flex e-con-boxed e-con e-parent\" data-id=\"4ec64e32\" data-element_type=\"container\" data-e-type=\"container\">\n\t\t\t\t\t<div class=\"e-con-inner\">\n\t\t<div class=\"elementor-element elementor-element-1abe6f50 e-con-full e-flex e-con e-child\" data-id=\"1abe6f50\" data-element_type=\"container\" data-e-type=\"container\">\n\t\t\t\t<div class=\"elementor-element elementor-element-7f191839 elementor-widget elementor-widget-augustine_core_section_title\" data-id=\"7f191839\" data-element_type=\"widget\" data-e-type=\"widget\" data-widget_type=\"augustine_core_section_title.default\">\n\t\t\t\t<div class=\"elementor-widget-container\">\n\t\t\t\t\t<div class=\"qodef-shortcode qodef-m  qodef-section-title qodef-alignment--center    qodef-separator-appear \">\n\t\t<span class=\"qodef-m-separator\" ><\/span>\n\t\t<p class=\"qodef-m-subtitle\" >Disponible para todos los hu\u00e9spedes de CW Hotel Collection<\/p>\n\t\t<h3 class=\"qodef-m-title\" >\n\t\t\t\t\tAfternoon Tea @ Hotel Orangerie\t\t\t<\/h3>\n\t\t<\/div>\t\t\t\t<\/div>\n\t\t\t\t<\/div>\n\t\t\t\t<div class=\"elementor-element elementor-element-4c313cfe elementor-widget elementor-widget-text-editor\" data-id=\"4c313cfe\" data-element_type=\"widget\" data-e-type=\"widget\" data-widget_type=\"text-editor.default\">\n\t\t\t\t<div class=\"elementor-widget-container\">\n\t\t\t\t\t\t\t\t\t<p>Sum\u00e9rjase en la elegancia de la alta sociedad brit\u00e1nica con nuestro generoso y acogedor t\u00e9 de la tarde. En los d\u00edas soleados, podr\u00e1 saborear cada delicia en nuestra terraza con vistas a los pintorescos canales de Brujas. Cuando el tiempo refresca o se pone gris, nuestra acogedora chimenea ofrece el ambiente perfecto para una experiencia c\u00e1lida y relajante. Se lo garantizamos.    Nos complace ofrecerte 3 opciones diferentes:<\/p>\t\t\t\t\t\t\t\t<\/div>\n\t\t\t\t<\/div>\n\t\t\t\t<\/div>\n\t\t\t\t\t<\/div>\n\t\t\t\t<\/div>\n\t\t<div class=\"elementor-element elementor-element-527e65ec e-flex e-con-boxed e-con e-parent\" data-id=\"527e65ec\" data-element_type=\"container\" data-e-type=\"container\">\n\t\t\t\t\t<div class=\"e-con-inner\">\n\t\t<div class=\"elementor-element elementor-element-36ca8440 e-con-full e-flex e-con e-child\" data-id=\"36ca8440\" data-element_type=\"container\" data-e-type=\"container\">\n\t\t<div class=\"elementor-element elementor-element-321a2d56 e-con-full e-flex e-con e-child\" data-id=\"321a2d56\" data-element_type=\"container\" data-e-type=\"container\">\n\t\t<div class=\"elementor-element elementor-element-34158579 e-flex e-con-boxed e-con e-child\" data-id=\"34158579\" data-element_type=\"container\" data-e-type=\"container\">\n\t\t\t\t\t<div class=\"e-con-inner\">\n\t\t\t\t<div class=\"elementor-element elementor-element-43000505 elementor-widget elementor-widget-augustine_core_image_gallery\" data-id=\"43000505\" data-element_type=\"widget\" data-e-type=\"widget\" data-widget_type=\"augustine_core_image_gallery.default\">\n\t\t\t\t<div class=\"elementor-widget-container\">\n\t\t\t\t\t<div class=\"qodef-shortcode qodef-m  qodef-image-gallery qodef-magnific-popup qodef-popup-gallery     qodef-grid qodef-swiper-container  qodef-gutter--normal qodef-col-num--1  qodef-responsive--predefined\" data-options=\"{&quot;slidesPerView&quot;:&quot;1&quot;,&quot;spaceBetween&quot;:30,&quot;loop&quot;:true,&quot;autoplay&quot;:true,&quot;speed&quot;:&quot;&quot;,&quot;speedAnimation&quot;:&quot;&quot;,&quot;centeredSlides&quot;:true,&quot;effect&quot;:&quot;fade&quot;}\" style=\"transition-delay: ms\">\n\t<div class=\"swiper-wrapper\">\n\t\t<div class=\"qodef-e qodef-image-wrapper qodef-grid-item swiper-slide\">\n\t\t\t<a class=\"qodef-popup-item\" itemprop=\"image\" href=\"https:\/\/hotelbiskajer.com\/wp-content\/uploads\/2024\/10\/detail-teastand-7.jpg\" data-type=\"image\" title=\"\">\n\t\t\t<img fetchpriority=\"high\" decoding=\"async\" width=\"1152\" height=\"768\" src=\"https:\/\/hotelbiskajer.com\/wp-content\/uploads\/2024\/10\/detail-teastand-7.jpg\" class=\"attachment-full size-full\" alt=\"\" srcset=\"https:\/\/hotelbiskajer.com\/wp-content\/uploads\/2024\/10\/detail-teastand-7.jpg 1152w, https:\/\/hotelbiskajer.com\/wp-content\/uploads\/2024\/10\/detail-teastand-7-600x400.jpg 600w, https:\/\/hotelbiskajer.com\/wp-content\/uploads\/2024\/10\/detail-teastand-7-1024x683.jpg 1024w, https:\/\/hotelbiskajer.com\/wp-content\/uploads\/2024\/10\/detail-teastand-7-768x512.jpg 768w\" sizes=\"(max-width: 1152px) 100vw, 1152px\" \/>\t\t\t<\/a>\n\t\t<\/div><div class=\"qodef-e qodef-image-wrapper qodef-grid-item swiper-slide\">\n\t\t\t<a class=\"qodef-popup-item\" itemprop=\"image\" href=\"https:\/\/hotelbiskajer.com\/wp-content\/uploads\/2024\/10\/detail-teastand-6.jpg\" data-type=\"image\" title=\"\">\n\t\t\t<img decoding=\"async\" width=\"1134\" height=\"768\" src=\"https:\/\/hotelbiskajer.com\/wp-content\/uploads\/2024\/10\/detail-teastand-6.jpg\" class=\"attachment-full size-full\" alt=\"\" srcset=\"https:\/\/hotelbiskajer.com\/wp-content\/uploads\/2024\/10\/detail-teastand-6.jpg 1134w, https:\/\/hotelbiskajer.com\/wp-content\/uploads\/2024\/10\/detail-teastand-6-600x406.jpg 600w, https:\/\/hotelbiskajer.com\/wp-content\/uploads\/2024\/10\/detail-teastand-6-1024x694.jpg 1024w, https:\/\/hotelbiskajer.com\/wp-content\/uploads\/2024\/10\/detail-teastand-6-768x520.jpg 768w\" sizes=\"(max-width: 1134px) 100vw, 1134px\" \/>\t\t\t<\/a>\n\t\t<\/div><div class=\"qodef-e qodef-image-wrapper qodef-grid-item swiper-slide\">\n\t\t\t<a class=\"qodef-popup-item\" itemprop=\"image\" href=\"https:\/\/hotelbiskajer.com\/wp-content\/uploads\/2024\/10\/detail-teastand-5.jpg\" data-type=\"image\" title=\"\">\n\t\t\t<img decoding=\"async\" width=\"1287\" height=\"768\" src=\"https:\/\/hotelbiskajer.com\/wp-content\/uploads\/2024\/10\/detail-teastand-5.jpg\" class=\"attachment-full size-full\" alt=\"\" srcset=\"https:\/\/hotelbiskajer.com\/wp-content\/uploads\/2024\/10\/detail-teastand-5.jpg 1287w, https:\/\/hotelbiskajer.com\/wp-content\/uploads\/2024\/10\/detail-teastand-5-600x358.jpg 600w, https:\/\/hotelbiskajer.com\/wp-content\/uploads\/2024\/10\/detail-teastand-5-1024x611.jpg 1024w, https:\/\/hotelbiskajer.com\/wp-content\/uploads\/2024\/10\/detail-teastand-5-768x458.jpg 768w\" sizes=\"(max-width: 1287px) 100vw, 1287px\" \/>\t\t\t<\/a>\n\t\t<\/div><div class=\"qodef-e qodef-image-wrapper qodef-grid-item swiper-slide\">\n\t\t\t<a class=\"qodef-popup-item\" itemprop=\"image\" href=\"https:\/\/hotelbiskajer.com\/wp-content\/uploads\/2024\/10\/detail-teastand-3.jpg\" data-type=\"image\" title=\"\">\n\t\t\t<img loading=\"lazy\" decoding=\"async\" width=\"1152\" height=\"768\" src=\"https:\/\/hotelbiskajer.com\/wp-content\/uploads\/2024\/10\/detail-teastand-3.jpg\" class=\"attachment-full size-full\" alt=\"\" srcset=\"https:\/\/hotelbiskajer.com\/wp-content\/uploads\/2024\/10\/detail-teastand-3.jpg 1152w, https:\/\/hotelbiskajer.com\/wp-content\/uploads\/2024\/10\/detail-teastand-3-600x400.jpg 600w, https:\/\/hotelbiskajer.com\/wp-content\/uploads\/2024\/10\/detail-teastand-3-1024x683.jpg 1024w, https:\/\/hotelbiskajer.com\/wp-content\/uploads\/2024\/10\/detail-teastand-3-768x512.jpg 768w\" sizes=\"(max-width: 1152px) 100vw, 1152px\" \/>\t\t\t<\/a>\n\t\t<\/div><div class=\"qodef-e qodef-image-wrapper qodef-grid-item swiper-slide\">\n\t\t\t<a class=\"qodef-popup-item\" itemprop=\"image\" href=\"https:\/\/hotelbiskajer.com\/wp-content\/uploads\/2024\/10\/detail-teastand-4.jpg\" data-type=\"image\" title=\"\">\n\t\t\t<img loading=\"lazy\" decoding=\"async\" width=\"1267\" height=\"768\" src=\"https:\/\/hotelbiskajer.com\/wp-content\/uploads\/2024\/10\/detail-teastand-4.jpg\" class=\"attachment-full size-full\" alt=\"\" srcset=\"https:\/\/hotelbiskajer.com\/wp-content\/uploads\/2024\/10\/detail-teastand-4.jpg 1267w, https:\/\/hotelbiskajer.com\/wp-content\/uploads\/2024\/10\/detail-teastand-4-600x364.jpg 600w, https:\/\/hotelbiskajer.com\/wp-content\/uploads\/2024\/10\/detail-teastand-4-1024x621.jpg 1024w, https:\/\/hotelbiskajer.com\/wp-content\/uploads\/2024\/10\/detail-teastand-4-768x466.jpg 768w\" sizes=\"(max-width: 1267px) 100vw, 1267px\" \/>\t\t\t<\/a>\n\t\t<\/div>\t<\/div>\n\t\t<div class=\"swiper-button-prev \"><svg  xmlns=\"http:\/\/www.w3.org\/2000\/svg\" xmlns:xlink=\"http:\/\/www.w3.org\/1999\/xlink\" x=\"0px\" y=\"0px\" viewBox=\"0 0 64 64\" stroke-width=\"2\" xml:space=\"preserve\"><polyline points=\"37,15 20,32 37,49\"\/><\/svg><\/div>\n\t<div class=\"swiper-button-next \"><svg  xmlns=\"http:\/\/www.w3.org\/2000\/svg\" xmlns:xlink=\"http:\/\/www.w3.org\/1999\/xlink\" x=\"0px\" y=\"0px\" viewBox=\"0 0 64 64\" stroke-width=\"2\" xml:space=\"preserve\"><polyline points=\"27,15 44,32 27,49\"\/><\/svg><\/div>\n\t<\/div>\t\t\t\t<\/div>\n\t\t\t\t<\/div>\n\t\t\t\t\t<\/div>\n\t\t\t\t<\/div>\n\t\t\t\t<\/div>\n\t\t<div class=\"elementor-element elementor-element-7d025d61 e-con-full e-flex e-con e-child\" data-id=\"7d025d61\" data-element_type=\"container\" data-e-type=\"container\">\n\t\t<div class=\"elementor-element elementor-element-1bd7f626 e-con-full e-flex e-con e-child\" data-id=\"1bd7f626\" data-element_type=\"container\" data-e-type=\"container\">\n\t\t\t\t<div class=\"elementor-element elementor-element-4281ac52 elementor-widget elementor-widget-qi_addons_for_elementor_pricing_list\" data-id=\"4281ac52\" data-element_type=\"widget\" data-e-type=\"widget\" data-widget_type=\"qi_addons_for_elementor_pricing_list.default\">\n\t\t\t\t<div class=\"elementor-widget-container\">\n\t\t\t\t\t<div class=\"qodef-shortcode qodef-m qodef-qi-pricing-list qodef-pricing-line--solid qodef-layout--standard\">\n\t<div class=\"qodef-m-inner\">\n\t\t<div class=\"qodef-m-item qodef-e elementor-repeater-item-7517b98\">\n\t\t\t<div class=\"qodef-e-heading\">\n\t\t\t<h5 class=\"qodef-e-heading-title\">Cream Tea (precio\/persona):<\/h5>\n\t\t\t\t\t\t<div class=\"qodef-e-heading-line\" ><\/div>\n\t\t\t\t\t\t\t<p class=\"qodef-e-heading-price\">25\u20ac<\/p>\n\t\t\t\t\t\t\t\t<\/div>\n\t\t\t\t<p class=\"qodef-e-description\">Dos bollos reci\u00e9n horneados con nata cuajada y varias mermeladas artesanales, acompa\u00f1ados de caf\u00e9 o uno de nuestros finos t\u00e9s.<\/p>\n\t<\/div>\n<div class=\"qodef-m-item qodef-e elementor-repeater-item-306ad85\">\n\t\t\t<div class=\"qodef-e-heading\">\n\t\t\t<h5 class=\"qodef-e-heading-title\">Classic Afternoon Tea(precio\/persona):<\/h5>\n\t\t\t\t\t\t<div class=\"qodef-e-heading-line\" ><\/div>\n\t\t\t\t\t\t\t<p class=\"qodef-e-heading-price\">40\u20ac<\/p>\n\t\t\t\t\t\t\t\t<\/div>\n\t\t\t\t<p class=\"qodef-e-description\">Dos bollos reci\u00e9n horneados con nata cuajada y mermeladas artesanales variadas, una selecci\u00f3n de mini pasteles, s\u00e1ndwiches salados y caf\u00e9 o uno de nuestros finos t\u00e9s.<\/p>\n\t<\/div>\n<div class=\"qodef-m-item qodef-e elementor-repeater-item-72ca2a6\">\n\t\t\t<div class=\"qodef-e-heading\">\n\t\t\t<h5 class=\"qodef-e-heading-title\">Champagne Afternoon Tea (precio\/persona):<\/h5>\n\t\t\t\t\t\t<div class=\"qodef-e-heading-line\" ><\/div>\n\t\t\t\t\t\t\t<p class=\"qodef-e-heading-price\">50\u20ac<\/p>\n\t\t\t\t\t\t\t\t<\/div>\n\t\t\t\t<p class=\"qodef-e-description\">Dos bollos reci\u00e9n horneados con nata cuajada y diversas mermeladas artesanales, acompa\u00f1ados de una selecci\u00f3n de mini boller\u00eda, bocadillos, caf\u00e9 o uno de nuestros refinados t\u00e9s. Y por supuesto... un vaso de burbujas.<\/p>\n\t<\/div>\n\t<\/div>\n\t\t<\/div>\n\t\t\t\t<\/div>\n\t\t\t\t<\/div>\n\t\t\t\t<\/div>\n\t\t\t\t<\/div>\n\t\t<div class=\"elementor-element elementor-element-466a1e40 e-con-full e-flex e-con e-child\" data-id=\"466a1e40\" data-element_type=\"container\" data-e-type=\"container\">\n\t\t\t\t<div class=\"elementor-element elementor-element-3d373a1 elementor-widget elementor-widget-qi_addons_for_elementor_faq\" data-id=\"3d373a1\" data-element_type=\"widget\" data-e-type=\"widget\" data-widget_type=\"qi_addons_for_elementor_faq.default\">\n\t\t\t\t<div class=\"elementor-widget-container\">\n\t\t\t\t\t<div class=\"qodef-shortcode qodef-m qodef-qi-faq qodef-qi-clear qodef-behavior--none qodef-layout--simple qodef-style--border-between\">\n\t<h6 class=\"qodef-e-title-holder\">\n\t<span class=\"qodef-e-title\">\n\t\t\t<span class=\"qodef-e-number\">\n\t\t1.\t<\/span>\n\t\t\t\u00bfQu\u00e9 pasa si no me alojo en el Hotel Orangerie?\t<\/span>\n\t<\/h6>\n<div class=\"qodef-e-content\">\n\t<div class=\"qodef-e-content-inner\">\n\t\t<p>No hay problema. \u00a1Todo el mundo es m\u00e1s que bienvenido a venir y conocer nuestro hotel y el Afternoon Tea!<br>Se aplica un suplemento de 10\u20ac a los no residentes.<\/p>\t<\/div>\n<\/div>\n<h6 class=\"qodef-e-title-holder\">\n\t<span class=\"qodef-e-title\">\n\t\t\t<span class=\"qodef-e-number\">\n\t\t2.\t<\/span>\n\t\t\t\u00bfA qu\u00e9 hora es el Afternoon Tea?\t<\/span>\n\t<\/h6>\n<div class=\"qodef-e-content\">\n\t<div class=\"qodef-e-content-inner\">\n\t\t<p>Afternoon Tea time: todos los d\u00edas entre las 14:30 y las 16:30<\/p>\t<\/div>\n<\/div>\n<h6 class=\"qodef-e-title-holder\">\n\t<span class=\"qodef-e-title\">\n\t\t\t<span class=\"qodef-e-number\">\n\t\t3.\t<\/span>\n\t\t\t\u00bfCu\u00e1l es la direcci\u00f3n?\t<\/span>\n\t<\/h6>\n<div class=\"qodef-e-content\">\n\t<div class=\"qodef-e-content-inner\">\n\t\t<p>\u00danete a nosotros: Kartuizerinnenstraat 10, Brujas (Justo detr\u00e1s de la Torre Belfort)<\/p>\t<\/div>\n<\/div>\n<h6 class=\"qodef-e-title-holder\">\n\t<span class=\"qodef-e-title\">\n\t\t\t<span class=\"qodef-e-number\">\n\t\t4.\t<\/span>\n\t\t\t\u00bfEs siempre necesaria la reserva?\t<\/span>\n\t<\/h6>\n<div class=\"qodef-e-content\">\n\t<div class=\"qodef-e-content-inner\">\n\t\t<p>S\u00ed, siempre es necesario reservar.<\/p>\t<\/div>\n<\/div>\n<h6 class=\"qodef-e-title-holder\">\n\t<span class=\"qodef-e-title\">\n\t\t\t<span class=\"qodef-e-number\">\n\t\t5.\t<\/span>\n\t\t\t\u00bfC\u00f3mo puedo hacer una reserva?\t<\/span>\n\t<\/h6>\n<div class=\"qodef-e-content\">\n\t<div class=\"qodef-e-content-inner\">\n\t\t<p>Haz una reserva en nuestro sitio web, env\u00edanos un correo electr\u00f3nico a info@hotelorangerie.be o ll\u00e1manos al 032(0)50 341 649<\/p>\t<\/div>\n<\/div>\n<\/div>\n\t<script type=\"application\/ld+json\">{\"@context\":\"https:\\\/\\\/schema.org\",\"@type\":\"FAQPage\",\"mainEntity\":[{\"@type\":\"Question\",\"name\":\"\\u00bfQu\\u00e9 pasa si no me alojo en el Hotel Orangerie?\",\"acceptedAnswer\":{\"@type\":\"Answer\",\"text\":\"<p>No hay problema. \\u00a1Todo el mundo es m\\u00e1s que bienvenido a venir y conocer nuestro hotel y el Afternoon Tea!<br>Se aplica un suplemento de 10\\u20ac a los no residentes.<\\\/p>\"}},{\"@type\":\"Question\",\"name\":\"\\u00bfA qu\\u00e9 hora es el Afternoon Tea?\",\"acceptedAnswer\":{\"@type\":\"Answer\",\"text\":\"<p>Afternoon Tea time: todos los d\\u00edas entre las 14:30 y las 16:30<\\\/p>\"}},{\"@type\":\"Question\",\"name\":\"\\u00bfCu\\u00e1l es la direcci\\u00f3n?\",\"acceptedAnswer\":{\"@type\":\"Answer\",\"text\":\"<p>\\u00danete a nosotros: Kartuizerinnenstraat 10, Brujas (Justo detr\\u00e1s de la Torre Belfort)<\\\/p>\"}},{\"@type\":\"Question\",\"name\":\"\\u00bfEs siempre necesaria la reserva?\",\"acceptedAnswer\":{\"@type\":\"Answer\",\"text\":\"<p>S\\u00ed, siempre es necesario reservar.<\\\/p>\"}},{\"@type\":\"Question\",\"name\":\"\\u00bfC\\u00f3mo puedo hacer una reserva?\",\"acceptedAnswer\":{\"@type\":\"Answer\",\"text\":\"<p>Haz una reserva en nuestro sitio web, env\\u00edanos un correo electr\\u00f3nico a info@hotelorangerie.be o ll\\u00e1manos al 032(0)50 341 649<\\\/p>\"}}]}<\/script>\n\t\t\t\t<\/div>\n\t\t\t\t<\/div>\n\t\t\t\t<\/div>\n\t\t\t\t<\/div>\n\t\t\t\t\t<\/div>\n\t\t\t\t<\/div>\n\t\t\t\t<\/div>\n\t\t","protected":false},"excerpt":{"rendered":"<p>Disponible para todos los hu\u00e9spedes de CW Hotel Collection Afternoon Tea @ Hotel Orangerie Sum\u00e9rjase en la elegancia de la alta sociedad brit\u00e1nica con nuestro generoso y acogedor t\u00e9 de la tarde. En los d\u00edas soleados, podr\u00e1 saborear cada delicia en nuestra terraza con vistas a los pintorescos canales de Brujas. Cuando el tiempo refresca [&hellip;]<\/p>\n","protected":false},"author":2,"featured_media":0,"parent":0,"menu_order":0,"comment_status":"closed","ping_status":"closed","template":"page-full-width.php","meta":{"footnotes":""},"class_list":["post-17351","page","type-page","status-publish","hentry"],"yoast_head":"<!-- This site is optimized with the Yoast SEO plugin v27.3 - https:\/\/yoast.com\/product\/yoast-seo-wordpress\/ -->\n<title>Muy bien. Ahora traducir\u00e9 del ingl\u00e9s al espa\u00f1ol, por favor.<\/title>\n<meta name=\"description\" content=\"Disfruta de un ambiente tranquilo, WiFi gratuito y otras comodidades pensadas para tu relajaci\u00f3n. Explora los servicios del Hotel Biskajer de 4 estrellas,\" \/>\n<meta name=\"robots\" content=\"index, follow, max-snippet:-1, max-image-preview:large, max-video-preview:-1\" \/>\n<link rel=\"canonical\" href=\"https:\/\/hotelbiskajer.com\/es\/nuestras-ventajas\/\" \/>\n<meta property=\"og:locale\" content=\"es_ES\" \/>\n<meta property=\"og:type\" content=\"article\" \/>\n<meta property=\"og:title\" content=\"Muy bien. Ahora traducir\u00e9 del ingl\u00e9s al espa\u00f1ol, por favor.\" \/>\n<meta property=\"og:description\" content=\"Disfruta de un ambiente tranquilo, WiFi gratuito y otras comodidades pensadas para tu relajaci\u00f3n. Explora los servicios del Hotel Biskajer de 4 estrellas,\" \/>\n<meta property=\"og:url\" content=\"https:\/\/hotelbiskajer.com\/es\/nuestras-ventajas\/\" \/>\n<meta property=\"og:site_name\" content=\"Hotel Biskajer\" \/>\n<meta property=\"article:modified_time\" content=\"2026-04-03T13:52:27+00:00\" \/>\n<meta property=\"og:image\" content=\"https:\/\/hotelbiskajer.com\/wp-content\/uploads\/2024\/10\/detail-teastand-7.jpg\" \/>\n<meta name=\"twitter:card\" content=\"summary_large_image\" \/>\n<meta name=\"twitter:label1\" content=\"Tiempo de lectura\" \/>\n\t<meta name=\"twitter:data1\" content=\"2 minutos\" \/>\n<script type=\"application\/ld+json\" class=\"yoast-schema-graph\">{\"@context\":\"https:\\\/\\\/schema.org\",\"@graph\":[{\"@type\":\"WebPage\",\"@id\":\"https:\\\/\\\/hotelbiskajer.com\\\/es\\\/nuestras-ventajas\\\/\",\"url\":\"https:\\\/\\\/hotelbiskajer.com\\\/es\\\/nuestras-ventajas\\\/\",\"name\":\"Muy bien. Ahora traducir\u00e9 del ingl\u00e9s al espa\u00f1ol, por favor.\",\"isPartOf\":{\"@id\":\"https:\\\/\\\/hotelbiskajer.com\\\/de\\\/#website\"},\"primaryImageOfPage\":{\"@id\":\"https:\\\/\\\/hotelbiskajer.com\\\/es\\\/nuestras-ventajas\\\/#primaryimage\"},\"image\":{\"@id\":\"https:\\\/\\\/hotelbiskajer.com\\\/es\\\/nuestras-ventajas\\\/#primaryimage\"},\"thumbnailUrl\":\"https:\\\/\\\/hotelbiskajer.com\\\/wp-content\\\/uploads\\\/2024\\\/10\\\/detail-teastand-7.jpg\",\"datePublished\":\"2024-02-10T20:09:48+00:00\",\"dateModified\":\"2026-04-03T13:52:27+00:00\",\"description\":\"Disfruta de un ambiente tranquilo, WiFi gratuito y otras comodidades pensadas para tu relajaci\u00f3n. Explora los servicios del Hotel Biskajer de 4 estrellas,\",\"breadcrumb\":{\"@id\":\"https:\\\/\\\/hotelbiskajer.com\\\/es\\\/nuestras-ventajas\\\/#breadcrumb\"},\"inLanguage\":\"es\",\"potentialAction\":[{\"@type\":\"ReadAction\",\"target\":[\"https:\\\/\\\/hotelbiskajer.com\\\/es\\\/nuestras-ventajas\\\/\"]}]},{\"@type\":\"ImageObject\",\"inLanguage\":\"es\",\"@id\":\"https:\\\/\\\/hotelbiskajer.com\\\/es\\\/nuestras-ventajas\\\/#primaryimage\",\"url\":\"https:\\\/\\\/hotelbiskajer.com\\\/wp-content\\\/uploads\\\/2024\\\/10\\\/detail-teastand-7.jpg\",\"contentUrl\":\"https:\\\/\\\/hotelbiskajer.com\\\/wp-content\\\/uploads\\\/2024\\\/10\\\/detail-teastand-7.jpg\"},{\"@type\":\"BreadcrumbList\",\"@id\":\"https:\\\/\\\/hotelbiskajer.com\\\/es\\\/nuestras-ventajas\\\/#breadcrumb\",\"itemListElement\":[{\"@type\":\"ListItem\",\"position\":1,\"name\":\"Home\",\"item\":\"https:\\\/\\\/hotelbiskajer.com\\\/es\\\/\"},{\"@type\":\"ListItem\",\"position\":2,\"name\":\"Nuestras ventajas\"}]},{\"@type\":\"WebSite\",\"@id\":\"https:\\\/\\\/hotelbiskajer.com\\\/de\\\/#website\",\"url\":\"https:\\\/\\\/hotelbiskajer.com\\\/de\\\/\",\"name\":\"Hotel Biskajer\",\"description\":\"CW Hotel Collection\",\"potentialAction\":[{\"@type\":\"SearchAction\",\"target\":{\"@type\":\"EntryPoint\",\"urlTemplate\":\"https:\\\/\\\/hotelbiskajer.com\\\/de\\\/?s={search_term_string}\"},\"query-input\":{\"@type\":\"PropertyValueSpecification\",\"valueRequired\":true,\"valueName\":\"search_term_string\"}}],\"inLanguage\":\"es\"}]}<\/script>\n<!-- \/ Yoast SEO plugin. -->","yoast_head_json":{"title":"Muy bien. Ahora traducir\u00e9 del ingl\u00e9s al espa\u00f1ol, por favor.","description":"Disfruta de un ambiente tranquilo, WiFi gratuito y otras comodidades pensadas para tu relajaci\u00f3n. Explora los servicios del Hotel Biskajer de 4 estrellas,","robots":{"index":"index","follow":"follow","max-snippet":"max-snippet:-1","max-image-preview":"max-image-preview:large","max-video-preview":"max-video-preview:-1"},"canonical":"https:\/\/hotelbiskajer.com\/es\/nuestras-ventajas\/","og_locale":"es_ES","og_type":"article","og_title":"Muy bien. Ahora traducir\u00e9 del ingl\u00e9s al espa\u00f1ol, por favor.","og_description":"Disfruta de un ambiente tranquilo, WiFi gratuito y otras comodidades pensadas para tu relajaci\u00f3n. Explora los servicios del Hotel Biskajer de 4 estrellas,","og_url":"https:\/\/hotelbiskajer.com\/es\/nuestras-ventajas\/","og_site_name":"Hotel Biskajer","article_modified_time":"2026-04-03T13:52:27+00:00","og_image":[{"url":"https:\/\/hotelbiskajer.com\/wp-content\/uploads\/2024\/10\/detail-teastand-7.jpg","type":"","width":"","height":""}],"twitter_card":"summary_large_image","twitter_misc":{"Tiempo de lectura":"2 minutos"},"schema":{"@context":"https:\/\/schema.org","@graph":[{"@type":"WebPage","@id":"https:\/\/hotelbiskajer.com\/es\/nuestras-ventajas\/","url":"https:\/\/hotelbiskajer.com\/es\/nuestras-ventajas\/","name":"Muy bien. Ahora traducir\u00e9 del ingl\u00e9s al espa\u00f1ol, por favor.","isPartOf":{"@id":"https:\/\/hotelbiskajer.com\/de\/#website"},"primaryImageOfPage":{"@id":"https:\/\/hotelbiskajer.com\/es\/nuestras-ventajas\/#primaryimage"},"image":{"@id":"https:\/\/hotelbiskajer.com\/es\/nuestras-ventajas\/#primaryimage"},"thumbnailUrl":"https:\/\/hotelbiskajer.com\/wp-content\/uploads\/2024\/10\/detail-teastand-7.jpg","datePublished":"2024-02-10T20:09:48+00:00","dateModified":"2026-04-03T13:52:27+00:00","description":"Disfruta de un ambiente tranquilo, WiFi gratuito y otras comodidades pensadas para tu relajaci\u00f3n. Explora los servicios del Hotel Biskajer de 4 estrellas,","breadcrumb":{"@id":"https:\/\/hotelbiskajer.com\/es\/nuestras-ventajas\/#breadcrumb"},"inLanguage":"es","potentialAction":[{"@type":"ReadAction","target":["https:\/\/hotelbiskajer.com\/es\/nuestras-ventajas\/"]}]},{"@type":"ImageObject","inLanguage":"es","@id":"https:\/\/hotelbiskajer.com\/es\/nuestras-ventajas\/#primaryimage","url":"https:\/\/hotelbiskajer.com\/wp-content\/uploads\/2024\/10\/detail-teastand-7.jpg","contentUrl":"https:\/\/hotelbiskajer.com\/wp-content\/uploads\/2024\/10\/detail-teastand-7.jpg"},{"@type":"BreadcrumbList","@id":"https:\/\/hotelbiskajer.com\/es\/nuestras-ventajas\/#breadcrumb","itemListElement":[{"@type":"ListItem","position":1,"name":"Home","item":"https:\/\/hotelbiskajer.com\/es\/"},{"@type":"ListItem","position":2,"name":"Nuestras ventajas"}]},{"@type":"WebSite","@id":"https:\/\/hotelbiskajer.com\/de\/#website","url":"https:\/\/hotelbiskajer.com\/de\/","name":"Hotel Biskajer","description":"CW Hotel Collection","potentialAction":[{"@type":"SearchAction","target":{"@type":"EntryPoint","urlTemplate":"https:\/\/hotelbiskajer.com\/de\/?s={search_term_string}"},"query-input":{"@type":"PropertyValueSpecification","valueRequired":true,"valueName":"search_term_string"}}],"inLanguage":"es"}]}},"_links":{"self":[{"href":"https:\/\/hotelbiskajer.com\/es\/wp-json\/wp\/v2\/pages\/17351","targetHints":{"allow":["GET"]}}],"collection":[{"href":"https:\/\/hotelbiskajer.com\/es\/wp-json\/wp\/v2\/pages"}],"about":[{"href":"https:\/\/hotelbiskajer.com\/es\/wp-json\/wp\/v2\/types\/page"}],"author":[{"embeddable":true,"href":"https:\/\/hotelbiskajer.com\/es\/wp-json\/wp\/v2\/users\/2"}],"replies":[{"embeddable":true,"href":"https:\/\/hotelbiskajer.com\/es\/wp-json\/wp\/v2\/comments?post=17351"}],"version-history":[{"count":13,"href":"https:\/\/hotelbiskajer.com\/es\/wp-json\/wp\/v2\/pages\/17351\/revisions"}],"predecessor-version":[{"id":19951,"href":"https:\/\/hotelbiskajer.com\/es\/wp-json\/wp\/v2\/pages\/17351\/revisions\/19951"}],"wp:attachment":[{"href":"https:\/\/hotelbiskajer.com\/es\/wp-json\/wp\/v2\/media?parent=17351"}],"curies":[{"name":"wp","href":"https:\/\/api.w.org\/{rel}","templated":true}]}}